
{"id":167,"date":"2019-01-12T23:28:52","date_gmt":"2019-01-12T21:28:52","guid":{"rendered":"https:\/\/open-tele.com\/?page_id=167"},"modified":"2019-02-18T18:06:33","modified_gmt":"2019-02-18T16:06:33","slug":"systemy-peselzrodlocepik","status":"publish","type":"page","link":"https:\/\/open-tele.com\/?page_id=167","title":{"rendered":"Systemy PESEL\/\u0179r\u00f3d\u0142o\/CEPIK"},"content":{"rendered":"<p>Oferujemy us\u0142ugi wdro\u017cenia i utrzymania dost\u0119pu do system\u00f3w pa\u0144stwowych\u00a0PESEL\/\u0179r\u00f3d\u0142o i CEPIK<\/p>\n<p>Dla komornik\u00f3w, kancelarii prawnych, stacji kontroli pojazd\u00f3w. Stra\u017cy Miejskich i gminnych.<\/p>\n<p>Zapewniamy poprawne przej\u015bcie audyt\u00f3w MSWiA, wsparcie informatyczne, szkolenia w dost\u0119pie do system\u00f3w.<\/p>\n<p>Zapraszamy do wsp\u00f3\u0142pracy.<\/p>\n","protected":false},"excerpt":{"rendered":"<p>Oferujemy us\u0142ugi wdro\u017cenia i utrzymania dost\u0119pu do system\u00f3w pa\u0144stwowych\u00a0PESEL\/\u0179r\u00f3d\u0142o i CEPIK Dla komornik\u00f3w, kancelarii prawnych, stacji kontroli pojazd\u00f3w. Stra\u017cy Miejskich i gminnych. Zapewniamy poprawne przej\u015bcie audyt\u00f3w MSWiA, wsparcie informatyczne, szkolenia w dost\u0119pie do system\u00f3w. Zapraszamy do wsp\u00f3\u0142pracy.<\/p>\n","protected":false},"author":1,"featured_media":0,"parent":32,"menu_order":0,"comment_status":"closed","ping_status":"closed","template":"","meta":{"_crdt_document":"","footnotes":""},"class_list":["post-167","page","type-page","status-publish","hentry"],"_links":{"self":[{"href":"https:\/\/open-tele.com\/index.php?rest_route=\/wp\/v2\/pages\/167","targetHints":{"allow":["GET"]}}],"collection":[{"href":"https:\/\/open-tele.com\/index.php?rest_route=\/wp\/v2\/pages"}],"about":[{"href":"https:\/\/open-tele.com\/index.php?rest_route=\/wp\/v2\/types\/page"}],"author":[{"embeddable":true,"href":"https:\/\/open-tele.com\/index.php?rest_route=\/wp\/v2\/users\/1"}],"replies":[{"embeddable":true,"href":"https:\/\/open-tele.com\/index.php?rest_route=%2Fwp%2Fv2%2Fcomments&post=167"}],"version-history":[{"count":1,"href":"https:\/\/open-tele.com\/index.php?rest_route=\/wp\/v2\/pages\/167\/revisions"}],"predecessor-version":[{"id":169,"href":"https:\/\/open-tele.com\/index.php?rest_route=\/wp\/v2\/pages\/167\/revisions\/169"}],"up":[{"embeddable":true,"href":"https:\/\/open-tele.com\/index.php?rest_route=\/wp\/v2\/pages\/32"}],"wp:attachment":[{"href":"https:\/\/open-tele.com\/index.php?rest_route=%2Fwp%2Fv2%2Fmedia&parent=167"}],"curies":[{"name":"wp","href":"https:\/\/api.w.org\/{rel}","templated":true}]}}