
{"id":24,"date":"2018-12-03T04:04:48","date_gmt":"2018-12-03T02:04:48","guid":{"rendered":"http:\/\/nowa.open-tele.com\/?page_id=24"},"modified":"2018-12-05T02:34:23","modified_gmt":"2018-12-05T00:34:23","slug":"telekomunikacja","status":"publish","type":"page","link":"https:\/\/open-tele.com\/?page_id=24","title":{"rendered":"Telekomunikacja"},"content":{"rendered":"<p>Wsz\u0119dzie tam gdzie potrzebna jest niezawodno\u015b\u0107 po\u0142\u0105cze\u0144.<\/p>\n<p>Oferujemy kompleksowe us\u0142ugi projektowe, linii \u015bwiat\u0142owodowych, prze\u0142\u0105czy telekomunikacyjnych, infrastruktury teletechnicznej.<\/p>\n<p>Posiadamy bogate do\u015bwiadczenie we wsp\u00f3\u0142pracy z operatorami telekomunikacyjnymi w projektowaniu i nadzorowaniu prac w bran\u017cy telekomunikacyjnej.<\/p>\n<p>Nasi pracownicy posiadaj\u0105 uprawnienia budowlane do projektowania infrastruktury telekomunikacyjnej bez ogranicze\u0144.<\/p>\n<p>&nbsp;<\/p>\n","protected":false},"excerpt":{"rendered":"<p>Wsz\u0119dzie tam gdzie potrzebna jest niezawodno\u015b\u0107 po\u0142\u0105cze\u0144. Oferujemy kompleksowe us\u0142ugi projektowe, linii \u015bwiat\u0142owodowych, prze\u0142\u0105czy telekomunikacyjnych, infrastruktury teletechnicznej. Posiadamy bogate do\u015bwiadczenie we wsp\u00f3\u0142pracy z operatorami telekomunikacyjnymi w projektowaniu i nadzorowaniu prac w bran\u017cy telekomunikacyjnej. Nasi pracownicy posiadaj\u0105 uprawnienia budowlane do projektowania infrastruktury telekomunikacyjnej bez ogranicze\u0144. &nbsp;<\/p>\n","protected":false},"author":1,"featured_media":0,"parent":0,"menu_order":0,"comment_status":"closed","ping_status":"closed","template":"","meta":{"_crdt_document":"","footnotes":""},"class_list":["post-24","page","type-page","status-publish","hentry"],"_links":{"self":[{"href":"https:\/\/open-tele.com\/index.php?rest_route=\/wp\/v2\/pages\/24","targetHints":{"allow":["GET"]}}],"collection":[{"href":"https:\/\/open-tele.com\/index.php?rest_route=\/wp\/v2\/pages"}],"about":[{"href":"https:\/\/open-tele.com\/index.php?rest_route=\/wp\/v2\/types\/page"}],"author":[{"embeddable":true,"href":"https:\/\/open-tele.com\/index.php?rest_route=\/wp\/v2\/users\/1"}],"replies":[{"embeddable":true,"href":"https:\/\/open-tele.com\/index.php?rest_route=%2Fwp%2Fv2%2Fcomments&post=24"}],"version-history":[{"count":3,"href":"https:\/\/open-tele.com\/index.php?rest_route=\/wp\/v2\/pages\/24\/revisions"}],"predecessor-version":[{"id":133,"href":"https:\/\/open-tele.com\/index.php?rest_route=\/wp\/v2\/pages\/24\/revisions\/133"}],"wp:attachment":[{"href":"https:\/\/open-tele.com\/index.php?rest_route=%2Fwp%2Fv2%2Fmedia&parent=24"}],"curies":[{"name":"wp","href":"https:\/\/api.w.org\/{rel}","templated":true}]}}