
{"id":273,"date":"2019-02-18T19:12:55","date_gmt":"2019-02-18T17:12:55","guid":{"rendered":"https:\/\/open-tele.com\/?page_id=273"},"modified":"2020-12-03T22:52:19","modified_gmt":"2020-12-03T20:52:19","slug":"certyfikaty","status":"publish","type":"page","link":"https:\/\/open-tele.com\/?page_id=273","title":{"rendered":"Certyfikaty"},"content":{"rendered":"<ol>\n<li>Certyfikaty system\u00f3w bezpiecze\u0144stwa SSP, DSO, SKD, SSWiN, SEP:<br \/>\na. Koncesja MSW<br \/>\n<img loading=\"lazy\" decoding=\"async\" class=\"alignnone size-medium wp-image-336\" src=\"https:\/\/open-tele.com\/wp-content\/uploads\/2019\/02\/ScanImage40-218x300.jpg\" alt=\"\" width=\"218\" height=\"300\" srcset=\"https:\/\/open-tele.com\/wp-content\/uploads\/2019\/02\/ScanImage40-218x300.jpg 218w, https:\/\/open-tele.com\/wp-content\/uploads\/2019\/02\/ScanImage40.jpg 582w\" sizes=\"auto, (max-width: 218px) 100vw, 218px\" \/>\u00a0<img loading=\"lazy\" decoding=\"async\" class=\"alignnone size-medium wp-image-337\" src=\"https:\/\/open-tele.com\/wp-content\/uploads\/2019\/02\/ScanImage41-218x300.jpg\" alt=\"\" width=\"218\" height=\"300\" srcset=\"https:\/\/open-tele.com\/wp-content\/uploads\/2019\/02\/ScanImage41-218x300.jpg 218w, https:\/\/open-tele.com\/wp-content\/uploads\/2019\/02\/ScanImage41.jpg 582w\" sizes=\"auto, (max-width: 218px) 100vw, 218px\" \/><br \/>\nb. Projektowe SSP- Polon-Alfa 4000,\u00a0 Schrack, CNBOP<br \/>\n<img loading=\"lazy\" decoding=\"async\" class=\"alignnone size-medium wp-image-330\" src=\"https:\/\/open-tele.com\/wp-content\/uploads\/2019\/02\/ScanImage32-218x300.jpg\" alt=\"\" width=\"218\" height=\"300\" srcset=\"https:\/\/open-tele.com\/wp-content\/uploads\/2019\/02\/ScanImage32-218x300.jpg 218w, https:\/\/open-tele.com\/wp-content\/uploads\/2019\/02\/ScanImage32.jpg 582w\" sizes=\"auto, (max-width: 218px) 100vw, 218px\" \/>\u00a0<img loading=\"lazy\" decoding=\"async\" class=\"alignnone size-medium wp-image-354\" src=\"https:\/\/open-tele.com\/wp-content\/uploads\/2020\/03\/IMG_20191112_221130-225x300.jpg\" alt=\"\" width=\"225\" height=\"300\" srcset=\"https:\/\/open-tele.com\/wp-content\/uploads\/2020\/03\/IMG_20191112_221130-225x300.jpg 225w, https:\/\/open-tele.com\/wp-content\/uploads\/2020\/03\/IMG_20191112_221130-768x1025.jpg 768w, https:\/\/open-tele.com\/wp-content\/uploads\/2020\/03\/IMG_20191112_221130-767x1024.jpg 767w, https:\/\/open-tele.com\/wp-content\/uploads\/2020\/03\/IMG_20191112_221130.jpg 1024w\" sizes=\"auto, (max-width: 225px) 100vw, 225px\" \/>\u00a0<img loading=\"lazy\" decoding=\"async\" class=\"alignnone size-medium wp-image-355\" src=\"https:\/\/open-tele.com\/wp-content\/uploads\/2020\/03\/IMG_20191112_221104-225x300.jpg\" alt=\"\" width=\"225\" height=\"300\" srcset=\"https:\/\/open-tele.com\/wp-content\/uploads\/2020\/03\/IMG_20191112_221104-225x300.jpg 225w, https:\/\/open-tele.com\/wp-content\/uploads\/2020\/03\/IMG_20191112_221104-768x1025.jpg 768w, https:\/\/open-tele.com\/wp-content\/uploads\/2020\/03\/IMG_20191112_221104-767x1024.jpg 767w, https:\/\/open-tele.com\/wp-content\/uploads\/2020\/03\/IMG_20191112_221104.jpg 1024w\" sizes=\"auto, (max-width: 225px) 100vw, 225px\" \/>\u00a0<img loading=\"lazy\" decoding=\"async\" class=\"alignnone size-medium wp-image-361\" src=\"https:\/\/open-tele.com\/wp-content\/uploads\/2020\/03\/1-215x300.jpg\" alt=\"\" width=\"215\" height=\"300\" srcset=\"https:\/\/open-tele.com\/wp-content\/uploads\/2020\/03\/1-215x300.jpg 215w, https:\/\/open-tele.com\/wp-content\/uploads\/2020\/03\/1-768x1072.jpg 768w, https:\/\/open-tele.com\/wp-content\/uploads\/2020\/03\/1-734x1024.jpg 734w\" sizes=\"auto, (max-width: 215px) 100vw, 215px\" \/>\u00a0<img loading=\"lazy\" decoding=\"async\" class=\"alignnone size-medium wp-image-360\" src=\"https:\/\/open-tele.com\/wp-content\/uploads\/2020\/03\/2-214x300.jpg\" alt=\"\" width=\"214\" height=\"300\" srcset=\"https:\/\/open-tele.com\/wp-content\/uploads\/2020\/03\/2-214x300.jpg 214w, https:\/\/open-tele.com\/wp-content\/uploads\/2020\/03\/2-768x1074.jpg 768w, https:\/\/open-tele.com\/wp-content\/uploads\/2020\/03\/2-732x1024.jpg 732w\" sizes=\"auto, (max-width: 214px) 100vw, 214px\" \/>\u00a0<img loading=\"lazy\" decoding=\"async\" class=\"alignnone size-medium wp-image-359\" src=\"https:\/\/open-tele.com\/wp-content\/uploads\/2020\/03\/3-214x300.jpg\" alt=\"\" width=\"214\" height=\"300\" srcset=\"https:\/\/open-tele.com\/wp-content\/uploads\/2020\/03\/3-214x300.jpg 214w, https:\/\/open-tele.com\/wp-content\/uploads\/2020\/03\/3-768x1078.jpg 768w, https:\/\/open-tele.com\/wp-content\/uploads\/2020\/03\/3-729x1024.jpg 729w\" sizes=\"auto, (max-width: 214px) 100vw, 214px\" \/><br \/>\nc. Projektowe Esser, Zettler<br \/>\n<img loading=\"lazy\" decoding=\"async\" class=\"alignnone size-medium wp-image-332\" src=\"https:\/\/open-tele.com\/wp-content\/uploads\/2019\/02\/ScanImage34-218x300.jpg\" alt=\"\" width=\"218\" height=\"300\" srcset=\"https:\/\/open-tele.com\/wp-content\/uploads\/2019\/02\/ScanImage34-218x300.jpg 218w, https:\/\/open-tele.com\/wp-content\/uploads\/2019\/02\/ScanImage34.jpg 582w\" sizes=\"auto, (max-width: 218px) 100vw, 218px\" \/>\u00a0<img loading=\"lazy\" decoding=\"async\" class=\"alignnone size-medium wp-image-366\" src=\"https:\/\/open-tele.com\/wp-content\/uploads\/2020\/12\/zettler-300x207.jpg\" alt=\"\" width=\"300\" height=\"207\" srcset=\"https:\/\/open-tele.com\/wp-content\/uploads\/2020\/12\/zettler-300x207.jpg 300w, https:\/\/open-tele.com\/wp-content\/uploads\/2020\/12\/zettler.jpg 605w\" sizes=\"auto, (max-width: 300px) 100vw, 300px\" \/><br \/>\nd. UTC ATS Advisor Master<br \/>\n<img loading=\"lazy\" decoding=\"async\" class=\"alignnone size-medium wp-image-333\" src=\"https:\/\/open-tele.com\/wp-content\/uploads\/2019\/02\/ScanImage35-218x300.jpg\" alt=\"\" width=\"218\" height=\"300\" srcset=\"https:\/\/open-tele.com\/wp-content\/uploads\/2019\/02\/ScanImage35-218x300.jpg 218w, https:\/\/open-tele.com\/wp-content\/uploads\/2019\/02\/ScanImage35.jpg 582w\" sizes=\"auto, (max-width: 218px) 100vw, 218px\" \/><br \/>\ne. Licencja pracownika zabezpieczenia technicznego 2 stopnia<br \/>\n<img loading=\"lazy\" decoding=\"async\" class=\"alignnone size-medium wp-image-335\" src=\"https:\/\/open-tele.com\/wp-content\/uploads\/2019\/02\/ScanImage39-218x300.jpg\" alt=\"\" width=\"218\" height=\"300\" srcset=\"https:\/\/open-tele.com\/wp-content\/uploads\/2019\/02\/ScanImage39-218x300.jpg 218w, https:\/\/open-tele.com\/wp-content\/uploads\/2019\/02\/ScanImage39.jpg 582w\" sizes=\"auto, (max-width: 218px) 100vw, 218px\" \/>\u00a0<img loading=\"lazy\" decoding=\"async\" class=\"alignnone size-medium wp-image-334\" src=\"https:\/\/open-tele.com\/wp-content\/uploads\/2019\/02\/ScanImage38-218x300.jpg\" alt=\"\" width=\"218\" height=\"300\" srcset=\"https:\/\/open-tele.com\/wp-content\/uploads\/2019\/02\/ScanImage38-218x300.jpg 218w, https:\/\/open-tele.com\/wp-content\/uploads\/2019\/02\/ScanImage38.jpg 582w\" sizes=\"auto, (max-width: 218px) 100vw, 218px\" \/><br \/>\nf. SEP 1kV<br \/>\n<img loading=\"lazy\" decoding=\"async\" class=\"alignnone size-medium wp-image-328\" src=\"https:\/\/open-tele.com\/wp-content\/uploads\/2019\/02\/ScanImage30-300x223.jpg\" alt=\"\" width=\"300\" height=\"223\" srcset=\"https:\/\/open-tele.com\/wp-content\/uploads\/2019\/02\/ScanImage30-300x223.jpg 300w, https:\/\/open-tele.com\/wp-content\/uploads\/2019\/02\/ScanImage30.jpg 600w\" sizes=\"auto, (max-width: 300px) 100vw, 300px\" \/><\/li>\n<li>Szko\u0142y, studia wy\u017csze i podyplomowe<br \/>\na. Technik Elektronik spec. systemy komputerowe<br \/>\n<img loading=\"lazy\" decoding=\"async\" class=\"alignnone size-medium wp-image-313\" src=\"https:\/\/open-tele.com\/wp-content\/uploads\/2019\/02\/ScanImage15-212x300.jpg\" alt=\"\" width=\"212\" height=\"300\" srcset=\"https:\/\/open-tele.com\/wp-content\/uploads\/2019\/02\/ScanImage15-212x300.jpg 212w, https:\/\/open-tele.com\/wp-content\/uploads\/2019\/02\/ScanImage15.jpg 564w\" sizes=\"auto, (max-width: 212px) 100vw, 212px\" \/><br \/>\nb. studia magisterskie (mgr in\u017c.) &#8211; Elektronika i telekomunikacja na Politechnice Pozna\u0144skiej spec. Sieci Transportu Informacji<br \/>\n<img loading=\"lazy\" decoding=\"async\" class=\"alignnone size-medium wp-image-300\" src=\"https:\/\/open-tele.com\/wp-content\/uploads\/2019\/02\/ScanImage02-300x216.jpg\" alt=\"\" width=\"300\" height=\"216\" srcset=\"https:\/\/open-tele.com\/wp-content\/uploads\/2019\/02\/ScanImage02-300x216.jpg 300w, https:\/\/open-tele.com\/wp-content\/uploads\/2019\/02\/ScanImage02.jpg 600w\" sizes=\"auto, (max-width: 300px) 100vw, 300px\" \/><br \/>\nc. studia podyplomowe &#8211; Systemy Baz Danych na Wy\u017cszej Szkole Bankowej<br \/>\n<img loading=\"lazy\" decoding=\"async\" class=\"alignnone size-medium wp-image-321\" src=\"https:\/\/open-tele.com\/wp-content\/uploads\/2019\/02\/ScanImage23-209x300.jpg\" alt=\"\" width=\"209\" height=\"300\" srcset=\"https:\/\/open-tele.com\/wp-content\/uploads\/2019\/02\/ScanImage23-209x300.jpg 209w, https:\/\/open-tele.com\/wp-content\/uploads\/2019\/02\/ScanImage23.jpg 558w\" sizes=\"auto, (max-width: 209px) 100vw, 209px\" \/><br \/>\nd. studia podyplomowe -Programowanie aplikacji internetowych na Wy\u017cszej Szkole Nauk Humanistycznych i dziennikarstwa<br \/>\n<img loading=\"lazy\" decoding=\"async\" class=\"alignnone size-medium wp-image-320\" src=\"https:\/\/open-tele.com\/wp-content\/uploads\/2019\/02\/ScanImage22-212x300.jpg\" alt=\"\" width=\"212\" height=\"300\" srcset=\"https:\/\/open-tele.com\/wp-content\/uploads\/2019\/02\/ScanImage22-212x300.jpg 212w, https:\/\/open-tele.com\/wp-content\/uploads\/2019\/02\/ScanImage22.jpg 564w\" sizes=\"auto, (max-width: 212px) 100vw, 212px\" \/><br \/>\ne. studia magisterskie (mgr in\u017c) Informatyka uko\u0144czone z wyr\u00f3\u017cnieniem spec. informatyka w procesach biznesowych<br \/>\n<img loading=\"lazy\" decoding=\"async\" class=\"alignnone size-medium wp-image-327\" src=\"https:\/\/open-tele.com\/wp-content\/uploads\/2019\/02\/ScanImage29-300x229.jpg\" alt=\"\" width=\"300\" height=\"229\" srcset=\"https:\/\/open-tele.com\/wp-content\/uploads\/2019\/02\/ScanImage29-300x229.jpg 300w, https:\/\/open-tele.com\/wp-content\/uploads\/2019\/02\/ScanImage29.jpg 600w\" sizes=\"auto, (max-width: 300px) 100vw, 300px\" \/><br \/>\nf. studia podyplomowe &#8211; Zam\u00f3wienia Publiczne i Partnerstwo Publiczno Prywatne &#8211; Politechnika Pozna\u0144ska<\/li>\n<li>Kursy i szkolenia<br \/>\nbazy danych, systemy MS Windows, Cisco CCNA CCNP, Fortigate II III<br \/>\n<img loading=\"lazy\" decoding=\"async\" class=\"alignnone size-medium wp-image-299\" src=\"https:\/\/open-tele.com\/wp-content\/uploads\/2019\/02\/fortigate-300x204.jpg\" alt=\"\" width=\"300\" height=\"204\" srcset=\"https:\/\/open-tele.com\/wp-content\/uploads\/2019\/02\/fortigate-300x204.jpg 300w, https:\/\/open-tele.com\/wp-content\/uploads\/2019\/02\/fortigate.jpg 600w\" sizes=\"auto, (max-width: 300px) 100vw, 300px\" \/>\u00a0<img loading=\"lazy\" decoding=\"async\" class=\"alignnone size-medium wp-image-311\" src=\"https:\/\/open-tele.com\/wp-content\/uploads\/2019\/02\/ScanImage13-212x300.jpg\" alt=\"\" width=\"212\" height=\"300\" srcset=\"https:\/\/open-tele.com\/wp-content\/uploads\/2019\/02\/ScanImage13-212x300.jpg 212w, https:\/\/open-tele.com\/wp-content\/uploads\/2019\/02\/ScanImage13.jpg 564w\" sizes=\"auto, (max-width: 212px) 100vw, 212px\" \/>\u00a0\u00a0<img loading=\"lazy\" decoding=\"async\" class=\"alignnone size-medium wp-image-312\" src=\"https:\/\/open-tele.com\/wp-content\/uploads\/2019\/02\/ScanImage14-212x300.jpg\" alt=\"\" width=\"212\" height=\"300\" srcset=\"https:\/\/open-tele.com\/wp-content\/uploads\/2019\/02\/ScanImage14-212x300.jpg 212w, https:\/\/open-tele.com\/wp-content\/uploads\/2019\/02\/ScanImage14.jpg 564w\" sizes=\"auto, (max-width: 212px) 100vw, 212px\" \/>\u00a0\u00a0<img loading=\"lazy\" decoding=\"async\" class=\"alignnone size-medium wp-image-304\" src=\"https:\/\/open-tele.com\/wp-content\/uploads\/2019\/02\/ScanImage06-212x300.jpg\" alt=\"\" width=\"212\" height=\"300\" srcset=\"https:\/\/open-tele.com\/wp-content\/uploads\/2019\/02\/ScanImage06-212x300.jpg 212w, https:\/\/open-tele.com\/wp-content\/uploads\/2019\/02\/ScanImage06.jpg 564w\" sizes=\"auto, (max-width: 212px) 100vw, 212px\" \/>\u00a0<img loading=\"lazy\" decoding=\"async\" class=\"alignnone size-medium wp-image-326\" src=\"https:\/\/open-tele.com\/wp-content\/uploads\/2019\/02\/ScanImage28-300x229.jpg\" alt=\"\" width=\"300\" height=\"229\" srcset=\"https:\/\/open-tele.com\/wp-content\/uploads\/2019\/02\/ScanImage28-300x229.jpg 300w, https:\/\/open-tele.com\/wp-content\/uploads\/2019\/02\/ScanImage28.jpg 600w\" sizes=\"auto, (max-width: 300px) 100vw, 300px\" \/> <img loading=\"lazy\" decoding=\"async\" class=\"alignnone size-medium wp-image-325\" src=\"https:\/\/open-tele.com\/wp-content\/uploads\/2019\/02\/ScanImage27-300x229.jpg\" alt=\"\" width=\"300\" height=\"229\" srcset=\"https:\/\/open-tele.com\/wp-content\/uploads\/2019\/02\/ScanImage27-300x229.jpg 300w, https:\/\/open-tele.com\/wp-content\/uploads\/2019\/02\/ScanImage27.jpg 600w\" sizes=\"auto, (max-width: 300px) 100vw, 300px\" \/> <img loading=\"lazy\" decoding=\"async\" class=\"alignnone size-medium wp-image-324\" src=\"https:\/\/open-tele.com\/wp-content\/uploads\/2019\/02\/ScanImage26-300x229.jpg\" alt=\"\" width=\"300\" height=\"229\" srcset=\"https:\/\/open-tele.com\/wp-content\/uploads\/2019\/02\/ScanImage26-300x229.jpg 300w, https:\/\/open-tele.com\/wp-content\/uploads\/2019\/02\/ScanImage26.jpg 600w\" sizes=\"auto, (max-width: 300px) 100vw, 300px\" \/> <img loading=\"lazy\" decoding=\"async\" class=\"alignnone size-medium wp-image-323\" src=\"https:\/\/open-tele.com\/wp-content\/uploads\/2019\/02\/ScanImage25-300x229.jpg\" alt=\"\" width=\"300\" height=\"229\" srcset=\"https:\/\/open-tele.com\/wp-content\/uploads\/2019\/02\/ScanImage25-300x229.jpg 300w, https:\/\/open-tele.com\/wp-content\/uploads\/2019\/02\/ScanImage25.jpg 600w\" sizes=\"auto, (max-width: 300px) 100vw, 300px\" \/> <img loading=\"lazy\" decoding=\"async\" class=\"alignnone size-medium wp-image-322\" src=\"https:\/\/open-tele.com\/wp-content\/uploads\/2019\/02\/ScanImage24-300x229.jpg\" alt=\"\" width=\"300\" height=\"229\" srcset=\"https:\/\/open-tele.com\/wp-content\/uploads\/2019\/02\/ScanImage24-300x229.jpg 300w, https:\/\/open-tele.com\/wp-content\/uploads\/2019\/02\/ScanImage24.jpg 600w\" sizes=\"auto, (max-width: 300px) 100vw, 300px\" \/> <img loading=\"lazy\" decoding=\"async\" class=\"alignnone size-medium wp-image-318\" src=\"https:\/\/open-tele.com\/wp-content\/uploads\/2019\/02\/ScanImage20-300x212.jpg\" alt=\"\" width=\"300\" height=\"212\" srcset=\"https:\/\/open-tele.com\/wp-content\/uploads\/2019\/02\/ScanImage20-300x212.jpg 300w, https:\/\/open-tele.com\/wp-content\/uploads\/2019\/02\/ScanImage20.jpg 600w\" sizes=\"auto, (max-width: 300px) 100vw, 300px\" \/> <img loading=\"lazy\" decoding=\"async\" class=\"alignnone size-medium wp-image-317\" src=\"https:\/\/open-tele.com\/wp-content\/uploads\/2019\/02\/ScanImage19-300x212.jpg\" alt=\"\" width=\"300\" height=\"212\" srcset=\"https:\/\/open-tele.com\/wp-content\/uploads\/2019\/02\/ScanImage19-300x212.jpg 300w, https:\/\/open-tele.com\/wp-content\/uploads\/2019\/02\/ScanImage19.jpg 600w\" sizes=\"auto, (max-width: 300px) 100vw, 300px\" \/> <img loading=\"lazy\" decoding=\"async\" class=\"alignnone size-medium wp-image-310\" src=\"https:\/\/open-tele.com\/wp-content\/uploads\/2019\/02\/ScanImage12-212x300.jpg\" alt=\"\" width=\"212\" height=\"300\" srcset=\"https:\/\/open-tele.com\/wp-content\/uploads\/2019\/02\/ScanImage12-212x300.jpg 212w, https:\/\/open-tele.com\/wp-content\/uploads\/2019\/02\/ScanImage12.jpg 564w\" sizes=\"auto, (max-width: 212px) 100vw, 212px\" \/>\u00a0\u00a0<img loading=\"lazy\" decoding=\"async\" class=\"alignnone size-medium wp-image-309\" src=\"https:\/\/open-tele.com\/wp-content\/uploads\/2019\/02\/ScanImage11-212x300.jpg\" alt=\"\" width=\"212\" height=\"300\" srcset=\"https:\/\/open-tele.com\/wp-content\/uploads\/2019\/02\/ScanImage11-212x300.jpg 212w, https:\/\/open-tele.com\/wp-content\/uploads\/2019\/02\/ScanImage11.jpg 564w\" sizes=\"auto, (max-width: 212px) 100vw, 212px\" \/>\u00a0\u00a0<img loading=\"lazy\" decoding=\"async\" class=\"alignnone size-medium wp-image-308\" src=\"https:\/\/open-tele.com\/wp-content\/uploads\/2019\/02\/ScanImage10-212x300.jpg\" alt=\"\" width=\"212\" height=\"300\" srcset=\"https:\/\/open-tele.com\/wp-content\/uploads\/2019\/02\/ScanImage10-212x300.jpg 212w, https:\/\/open-tele.com\/wp-content\/uploads\/2019\/02\/ScanImage10.jpg 564w\" sizes=\"auto, (max-width: 212px) 100vw, 212px\" \/> <img loading=\"lazy\" decoding=\"async\" class=\"alignnone size-medium wp-image-307\" src=\"https:\/\/open-tele.com\/wp-content\/uploads\/2019\/02\/ScanImage09-212x300.jpg\" alt=\"\" width=\"212\" height=\"300\" srcset=\"https:\/\/open-tele.com\/wp-content\/uploads\/2019\/02\/ScanImage09-212x300.jpg 212w, https:\/\/open-tele.com\/wp-content\/uploads\/2019\/02\/ScanImage09.jpg 564w\" sizes=\"auto, (max-width: 212px) 100vw, 212px\" \/> <img loading=\"lazy\" decoding=\"async\" class=\"alignnone size-medium wp-image-306\" src=\"https:\/\/open-tele.com\/wp-content\/uploads\/2019\/02\/ScanImage08-212x300.jpg\" alt=\"\" width=\"212\" height=\"300\" srcset=\"https:\/\/open-tele.com\/wp-content\/uploads\/2019\/02\/ScanImage08-212x300.jpg 212w, https:\/\/open-tele.com\/wp-content\/uploads\/2019\/02\/ScanImage08.jpg 564w\" sizes=\"auto, (max-width: 212px) 100vw, 212px\" \/> <img loading=\"lazy\" decoding=\"async\" class=\"alignnone size-medium wp-image-305\" src=\"https:\/\/open-tele.com\/wp-content\/uploads\/2019\/02\/ScanImage07-212x300.jpg\" alt=\"\" width=\"212\" height=\"300\" srcset=\"https:\/\/open-tele.com\/wp-content\/uploads\/2019\/02\/ScanImage07-212x300.jpg 212w, https:\/\/open-tele.com\/wp-content\/uploads\/2019\/02\/ScanImage07.jpg 564w\" sizes=\"auto, (max-width: 212px) 100vw, 212px\" \/> <img loading=\"lazy\" decoding=\"async\" class=\"alignnone size-medium wp-image-304\" src=\"https:\/\/open-tele.com\/wp-content\/uploads\/2019\/02\/ScanImage06-212x300.jpg\" alt=\"\" width=\"212\" height=\"300\" srcset=\"https:\/\/open-tele.com\/wp-content\/uploads\/2019\/02\/ScanImage06-212x300.jpg 212w, https:\/\/open-tele.com\/wp-content\/uploads\/2019\/02\/ScanImage06.jpg 564w\" sizes=\"auto, (max-width: 212px) 100vw, 212px\" \/> <img loading=\"lazy\" decoding=\"async\" class=\"alignnone size-medium wp-image-303\" src=\"https:\/\/open-tele.com\/wp-content\/uploads\/2019\/02\/ScanImage05-212x300.jpg\" alt=\"\" width=\"212\" height=\"300\" srcset=\"https:\/\/open-tele.com\/wp-content\/uploads\/2019\/02\/ScanImage05-212x300.jpg 212w, https:\/\/open-tele.com\/wp-content\/uploads\/2019\/02\/ScanImage05.jpg 564w\" sizes=\"auto, (max-width: 212px) 100vw, 212px\" \/> <img loading=\"lazy\" decoding=\"async\" class=\"alignnone size-medium wp-image-302\" src=\"https:\/\/open-tele.com\/wp-content\/uploads\/2019\/02\/ScanImage04-212x300.jpg\" alt=\"\" width=\"212\" height=\"300\" srcset=\"https:\/\/open-tele.com\/wp-content\/uploads\/2019\/02\/ScanImage04-212x300.jpg 212w, https:\/\/open-tele.com\/wp-content\/uploads\/2019\/02\/ScanImage04.jpg 564w\" sizes=\"auto, (max-width: 212px) 100vw, 212px\" \/><br \/>\n4. Bezpiecze\u0144stwo informacji Ochrona informacji<br \/>\n<img loading=\"lazy\" decoding=\"async\" class=\"alignnone size-medium wp-image-315\" src=\"https:\/\/open-tele.com\/wp-content\/uploads\/2019\/02\/ScanImage17-212x300.jpg\" alt=\"\" width=\"212\" height=\"300\" srcset=\"https:\/\/open-tele.com\/wp-content\/uploads\/2019\/02\/ScanImage17-212x300.jpg 212w, https:\/\/open-tele.com\/wp-content\/uploads\/2019\/02\/ScanImage17.jpg 564w\" sizes=\"auto, (max-width: 212px) 100vw, 212px\" \/> <img loading=\"lazy\" decoding=\"async\" class=\"alignnone size-medium wp-image-316\" src=\"https:\/\/open-tele.com\/wp-content\/uploads\/2019\/02\/ScanImage18-212x300.jpg\" alt=\"\" width=\"212\" height=\"300\" srcset=\"https:\/\/open-tele.com\/wp-content\/uploads\/2019\/02\/ScanImage18-212x300.jpg 212w, https:\/\/open-tele.com\/wp-content\/uploads\/2019\/02\/ScanImage18.jpg 564w\" sizes=\"auto, (max-width: 212px) 100vw, 212px\" \/><\/li>\n<\/ol>\n","protected":false},"excerpt":{"rendered":"<p>Certyfikaty system\u00f3w bezpiecze\u0144stwa SSP, DSO, SKD, SSWiN, SEP: a. Koncesja MSW \u00a0 b. Projektowe SSP- Polon-Alfa 4000,\u00a0 Schrack, CNBOP \u00a0\u00a0\u00a0\u00a0\u00a0 c. Projektowe Esser, Zettler \u00a0 d. UTC ATS Advisor Master e. Licencja pracownika zabezpieczenia technicznego 2 stopnia \u00a0 f. SEP 1kV Szko\u0142y, studia wy\u017csze i podyplomowe a. Technik Elektronik spec. systemy komputerowe b. studia magisterskie &hellip; <a href=\"https:\/\/open-tele.com\/?page_id=273\" class=\"more-link\">Czytaj dalej <span class=\"screen-reader-text\">Certyfikaty<\/span> <span class=\"meta-nav\">&rarr;<\/span><\/a><\/p>\n","protected":false},"author":1,"featured_media":0,"parent":91,"menu_order":0,"comment_status":"closed","ping_status":"closed","template":"","meta":{"_crdt_document":"","footnotes":""},"class_list":["post-273","page","type-page","status-publish","hentry"],"_links":{"self":[{"href":"https:\/\/open-tele.com\/index.php?rest_route=\/wp\/v2\/pages\/273","targetHints":{"allow":["GET"]}}],"collection":[{"href":"https:\/\/open-tele.com\/index.php?rest_route=\/wp\/v2\/pages"}],"about":[{"href":"https:\/\/open-tele.com\/index.php?rest_route=\/wp\/v2\/types\/page"}],"author":[{"embeddable":true,"href":"https:\/\/open-tele.com\/index.php?rest_route=\/wp\/v2\/users\/1"}],"replies":[{"embeddable":true,"href":"https:\/\/open-tele.com\/index.php?rest_route=%2Fwp%2Fv2%2Fcomments&post=273"}],"version-history":[{"count":16,"href":"https:\/\/open-tele.com\/index.php?rest_route=\/wp\/v2\/pages\/273\/revisions"}],"predecessor-version":[{"id":367,"href":"https:\/\/open-tele.com\/index.php?rest_route=\/wp\/v2\/pages\/273\/revisions\/367"}],"up":[{"embeddable":true,"href":"https:\/\/open-tele.com\/index.php?rest_route=\/wp\/v2\/pages\/91"}],"wp:attachment":[{"href":"https:\/\/open-tele.com\/index.php?rest_route=%2Fwp%2Fv2%2Fmedia&parent=273"}],"curies":[{"name":"wp","href":"https:\/\/api.w.org\/{rel}","templated":true}]}}