
{"id":39,"date":"2018-12-03T04:08:30","date_gmt":"2018-12-03T02:08:30","guid":{"rendered":"http:\/\/nowa.open-tele.com\/?page_id=39"},"modified":"2019-01-12T23:31:28","modified_gmt":"2019-01-12T21:31:28","slug":"sklepy-internetowe","status":"publish","type":"page","link":"https:\/\/open-tele.com\/?page_id=39","title":{"rendered":"Sklepy internetowe"},"content":{"rendered":"<p>Administrujemy, tworzymy i utrzymujemy sklepy internetowe w oparciu o r\u00f3\u017cne szablony i systemy sprzeda\u017cowe.<\/p>\n<p>Zajmujemy si\u0119 profesjonalnym tworzeniem kart produktowym, dodawaniem fotografowaniem promowaniem produkt\u00f3w.<\/p>\n<p>&nbsp;<\/p>\n","protected":false},"excerpt":{"rendered":"<p>Administrujemy, tworzymy i utrzymujemy sklepy internetowe w oparciu o r\u00f3\u017cne szablony i systemy sprzeda\u017cowe. Zajmujemy si\u0119 profesjonalnym tworzeniem kart produktowym, dodawaniem fotografowaniem promowaniem produkt\u00f3w. &nbsp;<\/p>\n","protected":false},"author":1,"featured_media":0,"parent":30,"menu_order":0,"comment_status":"closed","ping_status":"closed","template":"","meta":{"_crdt_document":"","footnotes":""},"class_list":["post-39","page","type-page","status-publish","hentry"],"_links":{"self":[{"href":"https:\/\/open-tele.com\/index.php?rest_route=\/wp\/v2\/pages\/39","targetHints":{"allow":["GET"]}}],"collection":[{"href":"https:\/\/open-tele.com\/index.php?rest_route=\/wp\/v2\/pages"}],"about":[{"href":"https:\/\/open-tele.com\/index.php?rest_route=\/wp\/v2\/types\/page"}],"author":[{"embeddable":true,"href":"https:\/\/open-tele.com\/index.php?rest_route=\/wp\/v2\/users\/1"}],"replies":[{"embeddable":true,"href":"https:\/\/open-tele.com\/index.php?rest_route=%2Fwp%2Fv2%2Fcomments&post=39"}],"version-history":[{"count":3,"href":"https:\/\/open-tele.com\/index.php?rest_route=\/wp\/v2\/pages\/39\/revisions"}],"predecessor-version":[{"id":128,"href":"https:\/\/open-tele.com\/index.php?rest_route=\/wp\/v2\/pages\/39\/revisions\/128"}],"up":[{"embeddable":true,"href":"https:\/\/open-tele.com\/index.php?rest_route=\/wp\/v2\/pages\/30"}],"wp:attachment":[{"href":"https:\/\/open-tele.com\/index.php?rest_route=%2Fwp%2Fv2%2Fmedia&parent=39"}],"curies":[{"name":"wp","href":"https:\/\/api.w.org\/{rel}","templated":true}]}}