
{"id":58,"date":"2018-12-03T04:18:33","date_gmt":"2018-12-03T02:18:33","guid":{"rendered":"http:\/\/nowa.open-tele.com\/?page_id=58"},"modified":"2018-12-05T02:41:18","modified_gmt":"2018-12-05T00:41:18","slug":"nadzory-inwestorskie","status":"publish","type":"page","link":"https:\/\/open-tele.com\/?page_id=58","title":{"rendered":"Nadzory inwestorskie"},"content":{"rendered":"<p>Nasi do\u015bwiadczeni pracownicy posiadaj\u0105cy d\u0142ugoletni\u0105 praktyk\u0119 projektow\u0105 i budowlan\u0105 zapewniaj\u0105 najwy\u017cszej klasy us\u0142ugi tj.\u00a0projektowanie,\u00a0kierowanie budow\u0105 lub innymi robotami budowlanymi, kierowanie,wykonywanie nadzoru inwestorskiego,\u00a0sprawowanie kontroli technicznej utrzymania obiekt\u00f3w budowlanych,\u00a0rzeczoznawstwo budowlane.<\/p>\n<p>Specjalizujemy si\u0119 w budownictwie telekomunikacyjnym.<\/p>\n","protected":false},"excerpt":{"rendered":"<p>Nasi do\u015bwiadczeni pracownicy posiadaj\u0105cy d\u0142ugoletni\u0105 praktyk\u0119 projektow\u0105 i budowlan\u0105 zapewniaj\u0105 najwy\u017cszej klasy us\u0142ugi tj.\u00a0projektowanie,\u00a0kierowanie budow\u0105 lub innymi robotami budowlanymi, kierowanie,wykonywanie nadzoru inwestorskiego,\u00a0sprawowanie kontroli technicznej utrzymania obiekt\u00f3w budowlanych,\u00a0rzeczoznawstwo budowlane. Specjalizujemy si\u0119 w budownictwie telekomunikacyjnym.<\/p>\n","protected":false},"author":1,"featured_media":0,"parent":24,"menu_order":0,"comment_status":"closed","ping_status":"closed","template":"","meta":{"_crdt_document":"","footnotes":""},"class_list":["post-58","page","type-page","status-publish","hentry"],"_links":{"self":[{"href":"https:\/\/open-tele.com\/index.php?rest_route=\/wp\/v2\/pages\/58","targetHints":{"allow":["GET"]}}],"collection":[{"href":"https:\/\/open-tele.com\/index.php?rest_route=\/wp\/v2\/pages"}],"about":[{"href":"https:\/\/open-tele.com\/index.php?rest_route=\/wp\/v2\/types\/page"}],"author":[{"embeddable":true,"href":"https:\/\/open-tele.com\/index.php?rest_route=\/wp\/v2\/users\/1"}],"replies":[{"embeddable":true,"href":"https:\/\/open-tele.com\/index.php?rest_route=%2Fwp%2Fv2%2Fcomments&post=58"}],"version-history":[{"count":3,"href":"https:\/\/open-tele.com\/index.php?rest_route=\/wp\/v2\/pages\/58\/revisions"}],"predecessor-version":[{"id":137,"href":"https:\/\/open-tele.com\/index.php?rest_route=\/wp\/v2\/pages\/58\/revisions\/137"}],"up":[{"embeddable":true,"href":"https:\/\/open-tele.com\/index.php?rest_route=\/wp\/v2\/pages\/24"}],"wp:attachment":[{"href":"https:\/\/open-tele.com\/index.php?rest_route=%2Fwp%2Fv2%2Fmedia&parent=58"}],"curies":[{"name":"wp","href":"https:\/\/api.w.org\/{rel}","templated":true}]}}