
{"id":605,"date":"2026-02-24T15:42:36","date_gmt":"2026-02-24T13:42:36","guid":{"rendered":"https:\/\/open-tele.com\/?page_id=605"},"modified":"2026-02-24T15:42:36","modified_gmt":"2026-02-24T13:42:36","slug":"uslugi-infolinii-i-callcenter","status":"publish","type":"page","link":"https:\/\/open-tele.com\/?page_id=605","title":{"rendered":"Us\u0142ugi infolinii i callcenter"},"content":{"rendered":"\n<p class=\"wp-block-paragraph\">Wsp\u00f3\u0142czesny klient oczekuje szybkiego kontaktu, dost\u0119pno\u015bci o ka\u017cdej porze oraz sprawnej obs\u0142ugi zg\u0142osze\u0144. Odpowiedzi\u0105 na te potrzeby jest profesjonalna obs\u0142uga infolinii i call center dzia\u0142aj\u0105ca w trybie ca\u0142odobowym. Oferujemy kompleksowe rozwi\u0105zania zapewniaj\u0105ce ci\u0105g\u0142o\u015b\u0107 komunikacji z klientami, partnerami i u\u017cytkownikami Pa\u0144stwa us\u0142ug.<\/p>\n\n\n\n<h2 class=\"wp-block-heading\">Sta\u0142a dost\u0119pno\u015b\u0107 \u2013 24 godziny na dob\u0119, 7 dni w tygodniu<\/h2>\n\n\n\n<p class=\"wp-block-paragraph\">Zapewniamy obs\u0142ug\u0119 infolinii w trybie 24\/7, dzi\u0119ki czemu:<\/p>\n\n\n\n<ul class=\"wp-block-list\">\n<li>\u017cadna rozmowa nie pozostaje bez odpowiedzi,<\/li>\n\n\n\n<li>klienci mog\u0105 kontaktowa\u0107 si\u0119 o dowolnej porze,<\/li>\n\n\n\n<li>zg\u0142oszenia s\u0105 przyjmowane i obs\u0142ugiwane na bie\u017c\u0105co,<\/li>\n\n\n\n<li>firma buduje wizerunek dost\u0119pnej i profesjonalnej.<\/li>\n<\/ul>\n\n\n\n<p class=\"wp-block-paragraph\">Obs\u0142ugujemy zar\u00f3wno infolinie sprzeda\u017cowe, serwisowe, jak i techniczne (helpdesk IT, zg\u0142oszenia awarii, wsparcie u\u017cytkownik\u00f3w).<\/p>\n\n\n\n<h2 class=\"wp-block-heading\">Kolejkowanie po\u0142\u0105cze\u0144 i inteligentne zarz\u0105dzanie ruchem<\/h2>\n\n\n\n<p class=\"wp-block-paragraph\">Wdro\u017cone przez nas systemy call center umo\u017cliwiaj\u0105:<\/p>\n\n\n\n<ul class=\"wp-block-list\">\n<li>kolejkowanie po\u0142\u0105cze\u0144 przy du\u017cym nat\u0119\u017ceniu ruchu,<\/li>\n\n\n\n<li>komunikaty g\u0142osowe (IVR) kieruj\u0105ce do odpowiednich dzia\u0142\u00f3w,<\/li>\n\n\n\n<li>priorytetyzacj\u0119 zg\u0142osze\u0144,<\/li>\n\n\n\n<li>przekierowania na odpowiednich konsultant\u00f3w lub zespo\u0142y,<\/li>\n\n\n\n<li>obs\u0142ug\u0119 wielu linii jednocze\u015bnie.<\/li>\n<\/ul>\n\n\n\n<p class=\"wp-block-paragraph\">Dzi\u0119ki temu klient nie trafia \u201ew pr\u00f3\u017cni\u0119\u201d, a proces obs\u0142ugi jest uporz\u0105dkowany i efektywny.<\/p>\n\n\n\n<h2 class=\"wp-block-heading\">Rejestracja rozm\u00f3w i pe\u0142na kontrola jako\u015bci<\/h2>\n\n\n\n<p class=\"wp-block-paragraph\">Ka\u017cda rozmowa mo\u017ce by\u0107 nagrywana i archiwizowana, co pozwala na:<\/p>\n\n\n\n<ul class=\"wp-block-list\">\n<li>kontrol\u0119 jako\u015bci obs\u0142ugi,<\/li>\n\n\n\n<li>analiz\u0119 zg\u0142osze\u0144 i potrzeb klient\u00f3w,<\/li>\n\n\n\n<li>zabezpieczenie dowodowe w przypadku reklamacji,<\/li>\n\n\n\n<li>szkolenie pracownik\u00f3w na realnych przyk\u0142adach.<\/li>\n<\/ul>\n\n\n\n<p class=\"wp-block-paragraph\">Nagrania przechowywane s\u0105 zgodnie z obowi\u0105zuj\u0105cymi przepisami (w tym RODO), z zachowaniem odpowiednich procedur bezpiecze\u0144stwa.<\/p>\n\n\n\n<h2 class=\"wp-block-heading\">Integracja z systemami i raportowanie<\/h2>\n\n\n\n<p class=\"wp-block-paragraph\">Nasze rozwi\u0105zania mog\u0105 by\u0107 integrowane z:<\/p>\n\n\n\n<ul class=\"wp-block-list\">\n<li>systemami CRM,<\/li>\n\n\n\n<li>systemami zg\u0142oszeniowymi (helpdesk, ticketing),<\/li>\n\n\n\n<li>bazami klient\u00f3w i kontrahent\u00f3w,<\/li>\n\n\n\n<li>systemami monitoringu i automatyki.<\/li>\n<\/ul>\n\n\n\n<p class=\"wp-block-paragraph\">Zapewniamy tak\u017ce szczeg\u00f3\u0142owe raporty, m.in.:<\/p>\n\n\n\n<ul class=\"wp-block-list\">\n<li>liczba po\u0142\u0105cze\u0144 (odebranych\/nieodebranych),<\/li>\n\n\n\n<li>czas oczekiwania,<\/li>\n\n\n\n<li>czas trwania rozm\u00f3w,<\/li>\n\n\n\n<li>obci\u0105\u017cenie konsultant\u00f3w,<\/li>\n\n\n\n<li>analiza godzin szczytu.<\/li>\n<\/ul>\n\n\n\n<h2 class=\"wp-block-heading\">Obs\u0142uga dopasowana do bran\u017cy<\/h2>\n\n\n\n<p class=\"wp-block-paragraph\">Dostosowujemy spos\u00f3b obs\u0142ugi do specyfiki dzia\u0142alno\u015bci klienta, m.in. dla:<\/p>\n\n\n\n<ul class=\"wp-block-list\">\n<li>firm us\u0142ugowych i handlowych,<\/li>\n\n\n\n<li>administracji publicznej,<\/li>\n\n\n\n<li>plac\u00f3wek medycznych,<\/li>\n\n\n\n<li>firm IT i serwisowych,<\/li>\n\n\n\n<li>zarz\u0105dc\u00f3w nieruchomo\u015bci i infrastruktury.<\/li>\n<\/ul>\n\n\n\n<p class=\"wp-block-paragraph\">Mo\u017cemy dzia\u0142a\u0107 wed\u0142ug przygotowanych scenariuszy lub wsp\u00f3\u0142tworzy\u0107 procedury obs\u0142ugi.<\/p>\n\n\n\n<h2 class=\"wp-block-heading\">Bezpiecze\u0144stwo i niezawodno\u015b\u0107<\/h2>\n\n\n\n<p class=\"wp-block-paragraph\">Zapewniamy:<\/p>\n\n\n\n<ul class=\"wp-block-list\">\n<li>wysok\u0105 dost\u0119pno\u015b\u0107 system\u00f3w,<\/li>\n\n\n\n<li>redundancj\u0119 i zabezpieczenia infrastruktury,<\/li>\n\n\n\n<li>ochron\u0119 danych i zgodno\u015b\u0107 z przepisami,<\/li>\n\n\n\n<li>ci\u0105g\u0142o\u015b\u0107 dzia\u0142ania nawet w sytuacjach awaryjnych.<\/li>\n<\/ul>\n\n\n\n<h2 class=\"wp-block-heading\">Korzy\u015bci dla Pa\u0144stwa firmy<\/h2>\n\n\n\n<ul class=\"wp-block-list\">\n<li>poprawa jako\u015bci obs\u0142ugi klienta,<\/li>\n\n\n\n<li>zwi\u0119kszenie dost\u0119pno\u015bci us\u0142ug,<\/li>\n\n\n\n<li>odci\u0105\u017cenie w\u0142asnych pracownik\u00f3w,<\/li>\n\n\n\n<li>lepsza organizacja pracy i przep\u0142ywu informacji,<\/li>\n\n\n\n<li>pe\u0142na kontrola nad komunikacj\u0105 z klientem.<\/li>\n<\/ul>\n\n\n\n<h2 class=\"wp-block-heading\">Podsumowanie<\/h2>\n\n\n\n<p class=\"wp-block-paragraph\">Obs\u0142uga infolinii i call center to dzi\u015b nie tylko odbieranie telefon\u00f3w, ale kluczowy element budowania relacji z klientem i przewagi konkurencyjnej.<\/p>\n\n\n\n<p class=\"wp-block-paragraph\">Oferujemy nowoczesne, skalowalne i bezpieczne rozwi\u0105zania dzia\u0142aj\u0105ce 24\/7, z rejestracj\u0105 rozm\u00f3w, kolejkowaniem i pe\u0142nym raportowaniem.<\/p>\n\n\n\n<p class=\"wp-block-paragraph\">Zapraszamy do kontaktu \u2013 przygotujemy rozwi\u0105zanie dopasowane do Pa\u0144stwa potrzeb i skali dzia\u0142alno\u015bci.<\/p>\n\n\n\n<p class=\"wp-block-paragraph\"><\/p>\n","protected":false},"excerpt":{"rendered":"<p>Wsp\u00f3\u0142czesny klient oczekuje szybkiego kontaktu, dost\u0119pno\u015bci o ka\u017cdej porze oraz sprawnej obs\u0142ugi zg\u0142osze\u0144. Odpowiedzi\u0105 na te potrzeby jest profesjonalna obs\u0142uga infolinii i call center dzia\u0142aj\u0105ca w trybie ca\u0142odobowym. Oferujemy kompleksowe rozwi\u0105zania zapewniaj\u0105ce ci\u0105g\u0142o\u015b\u0107 komunikacji z klientami, partnerami i u\u017cytkownikami Pa\u0144stwa us\u0142ug. Sta\u0142a dost\u0119pno\u015b\u0107 \u2013 24 godziny na dob\u0119, 7 dni w tygodniu Zapewniamy obs\u0142ug\u0119 infolinii &hellip; <a href=\"https:\/\/open-tele.com\/?page_id=605\" class=\"more-link\">Czytaj dalej <span class=\"screen-reader-text\">Us\u0142ugi infolinii i callcenter<\/span> <span class=\"meta-nav\">&rarr;<\/span><\/a><\/p>\n","protected":false},"author":1,"featured_media":0,"parent":0,"menu_order":0,"comment_status":"closed","ping_status":"closed","template":"","meta":{"_crdt_document":"","footnotes":""},"class_list":["post-605","page","type-page","status-publish","hentry"],"_links":{"self":[{"href":"https:\/\/open-tele.com\/index.php?rest_route=\/wp\/v2\/pages\/605","targetHints":{"allow":["GET"]}}],"collection":[{"href":"https:\/\/open-tele.com\/index.php?rest_route=\/wp\/v2\/pages"}],"about":[{"href":"https:\/\/open-tele.com\/index.php?rest_route=\/wp\/v2\/types\/page"}],"author":[{"embeddable":true,"href":"https:\/\/open-tele.com\/index.php?rest_route=\/wp\/v2\/users\/1"}],"replies":[{"embeddable":true,"href":"https:\/\/open-tele.com\/index.php?rest_route=%2Fwp%2Fv2%2Fcomments&post=605"}],"version-history":[{"count":1,"href":"https:\/\/open-tele.com\/index.php?rest_route=\/wp\/v2\/pages\/605\/revisions"}],"predecessor-version":[{"id":607,"href":"https:\/\/open-tele.com\/index.php?rest_route=\/wp\/v2\/pages\/605\/revisions\/607"}],"wp:attachment":[{"href":"https:\/\/open-tele.com\/index.php?rest_route=%2Fwp%2Fv2%2Fmedia&parent=605"}],"curies":[{"name":"wp","href":"https:\/\/api.w.org\/{rel}","templated":true}]}}