
{"id":91,"date":"2026-02-22T20:37:53","date_gmt":"2026-02-22T18:37:53","guid":{"rendered":"http:\/\/nowa.open-tele.com\/?page_id=91"},"modified":"2026-02-22T20:38:06","modified_gmt":"2026-02-22T18:38:06","slug":"kontakt","status":"publish","type":"page","link":"https:\/\/open-tele.com\/?page_id=91","title":{"rendered":"Kontakt"},"content":{"rendered":"<p>Open Telecom<br \/>\nul. Szewska 14\/3<br \/>\n61-760 Pozna\u0144<\/p>\n<p>NIP: 7781334106<\/p>\n<p>&nbsp;<\/p>\n<p>tel. 61 8530229<br \/>\ntel. 609283803<\/p>\n<p>email:\u00a0<a href=\"mailto:info@open-tele.com\">info@open-tele.com<\/a><\/p>\n<p>Firma powsta\u0142a w roku 2006 jako efekt zwyci\u0119skiego konkursy Pomys\u0142 na Biznes realizowanego przez Pozna\u0144ski Park Naukowo-Techniczny fundacj\u0119 Uniwersytetu im. Adama Mickiewicza.<\/p>\n","protected":false},"excerpt":{"rendered":"<p>Open Telecom ul. Szewska 14\/3 61-760 Pozna\u0144 NIP: 7781334106 &nbsp; tel. 61 8530229 tel. 609283803 email:\u00a0info@open-tele.com Firma powsta\u0142a w roku 2006 jako efekt zwyci\u0119skiego konkursy Pomys\u0142 na Biznes realizowanego przez Pozna\u0144ski Park Naukowo-Techniczny fundacj\u0119 Uniwersytetu im. Adama Mickiewicza.<\/p>\n","protected":false},"author":1,"featured_media":0,"parent":0,"menu_order":0,"comment_status":"closed","ping_status":"closed","template":"","meta":{"_crdt_document":"","footnotes":""},"class_list":["post-91","page","type-page","status-publish","hentry"],"_links":{"self":[{"href":"https:\/\/open-tele.com\/index.php?rest_route=\/wp\/v2\/pages\/91","targetHints":{"allow":["GET"]}}],"collection":[{"href":"https:\/\/open-tele.com\/index.php?rest_route=\/wp\/v2\/pages"}],"about":[{"href":"https:\/\/open-tele.com\/index.php?rest_route=\/wp\/v2\/types\/page"}],"author":[{"embeddable":true,"href":"https:\/\/open-tele.com\/index.php?rest_route=\/wp\/v2\/users\/1"}],"replies":[{"embeddable":true,"href":"https:\/\/open-tele.com\/index.php?rest_route=%2Fwp%2Fv2%2Fcomments&post=91"}],"version-history":[{"count":6,"href":"https:\/\/open-tele.com\/index.php?rest_route=\/wp\/v2\/pages\/91\/revisions"}],"predecessor-version":[{"id":540,"href":"https:\/\/open-tele.com\/index.php?rest_route=\/wp\/v2\/pages\/91\/revisions\/540"}],"wp:attachment":[{"href":"https:\/\/open-tele.com\/index.php?rest_route=%2Fwp%2Fv2%2Fmedia&parent=91"}],"curies":[{"name":"wp","href":"https:\/\/api.w.org\/{rel}","templated":true}]}}